{"id":2857,"date":"2025-04-19T17:01:29","date_gmt":"2025-04-19T17:01:29","guid":{"rendered":"https:\/\/marionwuethrich.ch\/?page_id=2857"},"modified":"2025-08-24T20:42:00","modified_gmt":"2025-08-24T20:42:00","slug":"blog-stoc","status":"publish","type":"page","link":"https:\/\/marionwuethrich.ch\/index.php\/blog-stoc\/","title":{"rendered":"STOC"},"content":{"rendered":"<p>[et_pb_section fb_built=&#8220;1&#8243; fullwidth=&#8220;on&#8220; admin_label=&#8220;Header STOC&#8220; _builder_version=&#8220;4.27.4&#8243; background_color=&#8220;#b7b9c7&#8243; custom_padding=&#8220;0px|0|0px|0px|false|false&#8220; hover_enabled=&#8220;0&#8243; locked=&#8220;off&#8220; global_colors_info=&#8220;{}&#8220; sticky_enabled=&#8220;0&#8243;][et_pb_fullwidth_header title=&#8220;STOC&#8220; subhead=&#8220;BLOG&#8220; text_orientation=&#8220;center&#8220; background_overlay_color=&#8220;rgba(83,90,128,0.3)&#8220; content_max_width=&#8220;90%&#8220; _builder_version=&#8220;4.27.4&#8243; title_font=&#8220;Noto Serif|700|||||||&#8220; title_text_align=&#8220;center&#8220; title_font_size=&#8220;70px&#8220; title_line_height=&#8220;1.1em&#8220; content_font=&#8220;Noto Sans||||||||&#8220; content_font_size=&#8220;18px&#8220; content_line_height=&#8220;2em&#8220; subhead_font=&#8220;Noto Sans||||||||&#8220; subhead_text_align=&#8220;center&#8220; subhead_font_size=&#8220;30px&#8220; subhead_line_height=&#8220;2em&#8220; background_color=&#8220;rgba(255,255,255,0)&#8220; background_image=&#8220;https:\/\/marionwuethrich.ch\/wp-content\/uploads\/2025\/04\/img-23.jpg&#8220; parallax=&#8220;on&#8220; parallax_method=&#8220;on&#8220; custom_button_one=&#8220;on&#8220; button_one_text_size=&#8220;17px&#8220; button_one_text_color=&#8220;#ffffff&#8220; button_one_bg_color=&#8220;#ff6b5a&#8220; button_one_border_width=&#8220;7px&#8220; button_one_border_color=&#8220;#ff6b5a&#8220; button_one_border_radius=&#8220;100px&#8220; button_one_font=&#8220;Noto Sans|700||on|||||&#8220; button_one_use_icon=&#8220;off&#8220; custom_margin=&#8220;|||&#8220; custom_padding=&#8220;110px||110px||true&#8220; custom_padding_tablet=&#8220;100px|||&#8220; custom_padding_phone=&#8220;&#8220; custom_padding_last_edited=&#8220;on|phone&#8220; animation_style=&#8220;fade&#8220; animation_direction=&#8220;top&#8220; hover_enabled=&#8220;0&#8243; title_font_size_tablet=&#8220;40px&#8220; title_font_size_phone=&#8220;&#8220; title_font_size_last_edited=&#8220;on|tablet&#8220; subhead_font_size_tablet=&#8220;&#8220; subhead_font_size_phone=&#8220;20px&#8220; subhead_font_size_last_edited=&#8220;on|desktop&#8220; subhead_line_height_tablet=&#8220;&#8220; subhead_line_height_phone=&#8220;1.5em&#8220; subhead_line_height_last_edited=&#8220;on|phone&#8220; button_one_text_color_hover=&#8220;#ffffff&#8220; button_one_border_color_hover=&#8220;#ff9e59&#8243; button_one_border_radius_hover=&#8220;100px&#8220; button_one_bg_color_hover=&#8220;#ff9e59&#8243; global_colors_info=&#8220;{}&#8220; button_one_text_size__hover_enabled=&#8220;off&#8220; button_two_text_size__hover_enabled=&#8220;off&#8220; button_one_text_color__hover_enabled=&#8220;on&#8220; button_one_text_color__hover=&#8220;#ffffff&#8220; button_two_text_color__hover_enabled=&#8220;off&#8220; button_one_border_width__hover_enabled=&#8220;off&#8220; button_two_border_width__hover_enabled=&#8220;off&#8220; button_one_border_color__hover_enabled=&#8220;on&#8220; button_one_border_color__hover=&#8220;#ff9e59&#8243; button_two_border_color__hover_enabled=&#8220;off&#8220; button_one_border_radius__hover_enabled=&#8220;on&#8220; button_one_border_radius__hover=&#8220;100px&#8220; button_two_border_radius__hover_enabled=&#8220;off&#8220; button_one_letter_spacing__hover_enabled=&#8220;off&#8220; button_two_letter_spacing__hover_enabled=&#8220;off&#8220; button_one_bg_color__hover_enabled=&#8220;on&#8220; button_one_bg_color__hover=&#8220;#ff9e59&#8243; button_two_bg_color__hover_enabled=&#8220;off&#8220; sticky_enabled=&#8220;0&#8243;][\/et_pb_fullwidth_header][\/et_pb_section][et_pb_section fb_built=&#8220;1&#8243; _builder_version=&#8220;4.16&#8243; custom_padding=&#8220;100px|0px|100px|0px|true|false&#8220; global_colors_info=&#8220;{}&#8220;][et_pb_row column_structure=&#8220;1_3,1_3,1_3&#8243; admin_label=&#8220;Zeile f\u00fcr Beitragsnavigation&#8220; _builder_version=&#8220;4.27.4&#8243; _module_preset=&#8220;default&#8220; global_colors_info=&#8220;{}&#8220;][et_pb_column type=&#8220;1_3&#8243; _builder_version=&#8220;4.27.4&#8243; _module_preset=&#8220;default&#8220; global_colors_info=&#8220;{}&#8220;][\/et_pb_column][et_pb_column type=&#8220;1_3&#8243; _builder_version=&#8220;4.27.4&#8243; _module_preset=&#8220;default&#8220; global_colors_info=&#8220;{}&#8220;][et_pb_post_nav in_same_term=&#8220;off&#8220; _builder_version=&#8220;4.27.4&#8243; _module_preset=&#8220;default&#8220; title_text_color=&#8220;#000000&#8243; title_font_size=&#8220;20px&#8220; background_color=&#8220;#FFFFFF&#8220; global_colors_info=&#8220;{}&#8220;][\/et_pb_post_nav][\/et_pb_column][et_pb_column type=&#8220;1_3&#8243; _builder_version=&#8220;4.27.4&#8243; _module_preset=&#8220;default&#8220; global_colors_info=&#8220;{}&#8220;][\/et_pb_column][\/et_pb_row][et_pb_row _builder_version=&#8220;4.16&#8243; global_colors_info=&#8220;{}&#8220;][et_pb_column type=&#8220;4_4&#8243; _builder_version=&#8220;4.16&#8243; custom_padding=&#8220;|||&#8220; global_colors_info=&#8220;{}&#8220; custom_padding__hover=&#8220;|||&#8220;][et_pb_heading title=&#8220;STOC &#8211; Swiss Tesla Owners Club&#8220; admin_label=&#8220;\u00dcberschrift H1 &#8211; STOC&#8220; _builder_version=&#8220;4.27.4&#8243; _module_preset=&#8220;default&#8220; custom_padding=&#8220;0px|||||&#8220; global_colors_info=&#8220;{}&#8220;][\/et_pb_heading][et_pb_text admin_label=&#8220;Text &#8211; STOC&#8220; _builder_version=&#8220;4.27.4&#8243; _module_preset=&#8220;default&#8220; global_colors_info=&#8220;{}&#8220;]<\/p>\n<p>Auch wir sind von den j\u00fcngsten Ereignissen und Verhaltensweisen des CEO Elon Mask nicht alle begeistert. Aber das Auto Tesla symbolisiert technologische Begeisterung und Fortschritt und steht f\u00fcr Menschen, die Innovation und Umweltfreundlichkeit sch\u00e4tzen. Bei den regelm\u00e4\u00dfigen STOC Treffen treffen sich Gleichgesinnte, um Erfahrungen auszutauschen, einander Tipps zu geben und sich gegenseitig zu inspirieren. Diese Gemeinschaft f\u00f6rdert den Wissensaustausch und organisiert gemeinsame Ausfl\u00fcge, um die Freude am Fahren in einer besonderen Atmosph\u00e4re zu erleben.\u00a0<\/p>\n<p>[\/et_pb_text][et_pb_blog fullwidth=&#8220;off&#8220; posts_number=&#8220;16&#8243; include_categories=&#8220;30&#8243; meta_date=&#8220;j. M Y&#8220; admin_label=&#8220;Blog &#8211; STOC&#8220; _builder_version=&#8220;4.27.4&#8243; _module_preset=&#8220;default&#8220; global_colors_info=&#8220;{}&#8220;][\/et_pb_blog][\/et_pb_column][\/et_pb_row][\/et_pb_section]<\/p>\n","protected":false},"excerpt":{"rendered":"<p>Auch wir sind von den j\u00fcngsten Ereignissen und Verhaltensweisen des CEO Elon Mask nicht alle begeistert. Aber das Auto Tesla symbolisiert technologische Begeisterung und Fortschritt und steht f\u00fcr Menschen, die Innovation und Umweltfreundlichkeit sch\u00e4tzen. Bei den regelm\u00e4\u00dfigen STOC Treffen treffen sich Gleichgesinnte, um Erfahrungen auszutauschen, einander Tipps zu geben und sich gegenseitig zu inspirieren. Diese [&hellip;]<\/p>\n","protected":false},"author":1,"featured_media":0,"parent":0,"menu_order":0,"comment_status":"closed","ping_status":"closed","template":"","meta":{"_et_pb_use_builder":"on","_et_pb_old_content":"","_et_gb_content_width":"","footnotes":""},"class_list":["post-2857","page","type-page","status-publish","hentry"],"yoast_head":"<!-- This site is optimized with the Yoast SEO plugin v27.5 - https:\/\/yoast.com\/product\/yoast-seo-wordpress\/ -->\n<title>STOC - Marion W\u00fcthrich - Fotografie und mehr..<\/title>\n<meta name=\"robots\" content=\"index, follow, max-snippet:-1, max-image-preview:large, max-video-preview:-1\" \/>\n<link rel=\"canonical\" href=\"https:\/\/marionwuethrich.ch\/index.php\/blog-stoc\/\" \/>\n<meta property=\"og:locale\" content=\"de_DE\" \/>\n<meta property=\"og:type\" content=\"article\" \/>\n<meta property=\"og:title\" content=\"STOC - Marion W\u00fcthrich - Fotografie und mehr..\" \/>\n<meta property=\"og:description\" content=\"Auch wir sind von den j\u00fcngsten Ereignissen und Verhaltensweisen des CEO Elon Mask nicht alle begeistert. Aber das Auto Tesla symbolisiert technologische Begeisterung und Fortschritt und steht f\u00fcr Menschen, die Innovation und Umweltfreundlichkeit sch\u00e4tzen. Bei den regelm\u00e4\u00dfigen STOC Treffen treffen sich Gleichgesinnte, um Erfahrungen auszutauschen, einander Tipps zu geben und sich gegenseitig zu inspirieren. Diese [&hellip;]\" \/>\n<meta property=\"og:url\" content=\"https:\/\/marionwuethrich.ch\/index.php\/blog-stoc\/\" \/>\n<meta property=\"og:site_name\" content=\"Marion W\u00fcthrich - Fotografie und mehr..\" \/>\n<meta property=\"article:modified_time\" content=\"2025-08-24T20:42:00+00:00\" \/>\n<meta name=\"twitter:card\" content=\"summary_large_image\" \/>\n<meta name=\"twitter:label1\" content=\"Gesch\u00e4tzte Lesezeit\" \/>\n\t<meta name=\"twitter:data1\" content=\"1\u00a0Minute\" \/>\n<script type=\"application\/ld+json\" class=\"yoast-schema-graph\">{\"@context\":\"https:\\\/\\\/schema.org\",\"@graph\":[{\"@type\":\"WebPage\",\"@id\":\"https:\\\/\\\/marionwuethrich.ch\\\/index.php\\\/blog-stoc\\\/\",\"url\":\"https:\\\/\\\/marionwuethrich.ch\\\/index.php\\\/blog-stoc\\\/\",\"name\":\"STOC - Marion W\u00fcthrich - Fotografie und mehr..\",\"isPartOf\":{\"@id\":\"https:\\\/\\\/marionwuethrich.ch\\\/#website\"},\"datePublished\":\"2025-04-19T17:01:29+00:00\",\"dateModified\":\"2025-08-24T20:42:00+00:00\",\"breadcrumb\":{\"@id\":\"https:\\\/\\\/marionwuethrich.ch\\\/index.php\\\/blog-stoc\\\/#breadcrumb\"},\"inLanguage\":\"de\",\"potentialAction\":[{\"@type\":\"ReadAction\",\"target\":[\"https:\\\/\\\/marionwuethrich.ch\\\/index.php\\\/blog-stoc\\\/\"]}]},{\"@type\":\"BreadcrumbList\",\"@id\":\"https:\\\/\\\/marionwuethrich.ch\\\/index.php\\\/blog-stoc\\\/#breadcrumb\",\"itemListElement\":[{\"@type\":\"ListItem\",\"position\":1,\"name\":\"Startseite\",\"item\":\"https:\\\/\\\/marionwuethrich.ch\\\/\"},{\"@type\":\"ListItem\",\"position\":2,\"name\":\"STOC\"}]},{\"@type\":\"WebSite\",\"@id\":\"https:\\\/\\\/marionwuethrich.ch\\\/#website\",\"url\":\"https:\\\/\\\/marionwuethrich.ch\\\/\",\"name\":\"Marion W\u00fcthrich - Fotografie und mehr..\",\"description\":\"Fotografie\",\"potentialAction\":[{\"@type\":\"SearchAction\",\"target\":{\"@type\":\"EntryPoint\",\"urlTemplate\":\"https:\\\/\\\/marionwuethrich.ch\\\/?s={search_term_string}\"},\"query-input\":{\"@type\":\"PropertyValueSpecification\",\"valueRequired\":true,\"valueName\":\"search_term_string\"}}],\"inLanguage\":\"de\"}]}<\/script>\n<!-- \/ Yoast SEO plugin. -->","yoast_head_json":{"title":"STOC - Marion W\u00fcthrich - Fotografie und mehr..","robots":{"index":"index","follow":"follow","max-snippet":"max-snippet:-1","max-image-preview":"max-image-preview:large","max-video-preview":"max-video-preview:-1"},"canonical":"https:\/\/marionwuethrich.ch\/index.php\/blog-stoc\/","og_locale":"de_DE","og_type":"article","og_title":"STOC - Marion W\u00fcthrich - Fotografie und mehr..","og_description":"Auch wir sind von den j\u00fcngsten Ereignissen und Verhaltensweisen des CEO Elon Mask nicht alle begeistert. Aber das Auto Tesla symbolisiert technologische Begeisterung und Fortschritt und steht f\u00fcr Menschen, die Innovation und Umweltfreundlichkeit sch\u00e4tzen. Bei den regelm\u00e4\u00dfigen STOC Treffen treffen sich Gleichgesinnte, um Erfahrungen auszutauschen, einander Tipps zu geben und sich gegenseitig zu inspirieren. Diese [&hellip;]","og_url":"https:\/\/marionwuethrich.ch\/index.php\/blog-stoc\/","og_site_name":"Marion W\u00fcthrich - Fotografie und mehr..","article_modified_time":"2025-08-24T20:42:00+00:00","twitter_card":"summary_large_image","twitter_misc":{"Gesch\u00e4tzte Lesezeit":"1\u00a0Minute"},"schema":{"@context":"https:\/\/schema.org","@graph":[{"@type":"WebPage","@id":"https:\/\/marionwuethrich.ch\/index.php\/blog-stoc\/","url":"https:\/\/marionwuethrich.ch\/index.php\/blog-stoc\/","name":"STOC - Marion W\u00fcthrich - Fotografie und mehr..","isPartOf":{"@id":"https:\/\/marionwuethrich.ch\/#website"},"datePublished":"2025-04-19T17:01:29+00:00","dateModified":"2025-08-24T20:42:00+00:00","breadcrumb":{"@id":"https:\/\/marionwuethrich.ch\/index.php\/blog-stoc\/#breadcrumb"},"inLanguage":"de","potentialAction":[{"@type":"ReadAction","target":["https:\/\/marionwuethrich.ch\/index.php\/blog-stoc\/"]}]},{"@type":"BreadcrumbList","@id":"https:\/\/marionwuethrich.ch\/index.php\/blog-stoc\/#breadcrumb","itemListElement":[{"@type":"ListItem","position":1,"name":"Startseite","item":"https:\/\/marionwuethrich.ch\/"},{"@type":"ListItem","position":2,"name":"STOC"}]},{"@type":"WebSite","@id":"https:\/\/marionwuethrich.ch\/#website","url":"https:\/\/marionwuethrich.ch\/","name":"Marion W\u00fcthrich - Fotografie und mehr..","description":"Fotografie","potentialAction":[{"@type":"SearchAction","target":{"@type":"EntryPoint","urlTemplate":"https:\/\/marionwuethrich.ch\/?s={search_term_string}"},"query-input":{"@type":"PropertyValueSpecification","valueRequired":true,"valueName":"search_term_string"}}],"inLanguage":"de"}]}},"_links":{"self":[{"href":"https:\/\/marionwuethrich.ch\/index.php\/wp-json\/wp\/v2\/pages\/2857","targetHints":{"allow":["GET"]}}],"collection":[{"href":"https:\/\/marionwuethrich.ch\/index.php\/wp-json\/wp\/v2\/pages"}],"about":[{"href":"https:\/\/marionwuethrich.ch\/index.php\/wp-json\/wp\/v2\/types\/page"}],"author":[{"embeddable":true,"href":"https:\/\/marionwuethrich.ch\/index.php\/wp-json\/wp\/v2\/users\/1"}],"replies":[{"embeddable":true,"href":"https:\/\/marionwuethrich.ch\/index.php\/wp-json\/wp\/v2\/comments?post=2857"}],"version-history":[{"count":7,"href":"https:\/\/marionwuethrich.ch\/index.php\/wp-json\/wp\/v2\/pages\/2857\/revisions"}],"predecessor-version":[{"id":3069,"href":"https:\/\/marionwuethrich.ch\/index.php\/wp-json\/wp\/v2\/pages\/2857\/revisions\/3069"}],"wp:attachment":[{"href":"https:\/\/marionwuethrich.ch\/index.php\/wp-json\/wp\/v2\/media?parent=2857"}],"curies":[{"name":"wp","href":"https:\/\/api.w.org\/{rel}","templated":true}]}}